{"id":45,"date":"2026-03-27T09:27:17","date_gmt":"2026-03-27T08:27:17","guid":{"rendered":"https:\/\/willa-alfena.pl\/?page_id=45"},"modified":"2026-04-03T12:01:53","modified_gmt":"2026-04-03T10:01:53","slug":"apartamenty","status":"publish","type":"page","link":"https:\/\/willa-alfena.pl\/?page_id=45","title":{"rendered":"apartamenty"},"content":{"rendered":"\n<div style=\"height:74px\" aria-hidden=\"true\" class=\"wp-block-spacer\"><\/div>\n\n\n\n<div class=\"wp-block-uagb-container uagb-block-e284f18f alignfull uagb-is-root-container\"><div class=\"uagb-container-inner-blocks-wrap\">\n<div class=\"wp-block-uagb-container uagb-block-ab6ac9c9\">\n<div class=\"wp-block-uagb-image alignright uagb-block-xjeljmdi wp-block-uagb-image--layout-default wp-block-uagb-image--effect-static wp-block-uagb-image--align-right alignleft\"><figure class=\"wp-block-uagb-image__figure\"><img decoding=\"async\" srcset=\"https:\/\/willa-alfena.pl\/wp-content\/uploads\/2026\/04\/parter-rzut-top-1024x493.jpg ,https:\/\/willa-alfena.pl\/wp-content\/uploads\/2026\/04\/parter-rzut-top.jpg 780w, https:\/\/willa-alfena.pl\/wp-content\/uploads\/2026\/04\/parter-rzut-top.jpg 360w\" sizes=\"auto, (max-width: 480px) 150px\" src=\"https:\/\/willa-alfena.pl\/wp-content\/uploads\/2026\/04\/parter-rzut-top-1024x493.jpg\" alt=\"\" class=\"uag-image-234\" width=\"748\" height=\"350\" title=\"parter-rzut-top\" loading=\"lazy\" role=\"img\"\/><\/figure><\/div>\n<\/div>\n\n\n\n<div class=\"wp-block-uagb-container uagb-block-77029e92\">\n<div class=\"wp-block-uagb-advanced-heading uagb-block-cb3308e3\"><h4 class=\"uagb-heading-text\">PARTER<\/h4><\/div>\n\n\n\n<p>APARTAMENT 1 \u2013 <strong><a href=\"https:\/\/willa-alfena.pl\/?page_id=357\" data-type=\"page\" data-id=\"357\">:: SPRZEDANY ::<\/a><\/strong><br>Cena: 756 812 z\u0142 | 42,28 m<sup>2<\/sup><\/p>\n\n\n\n<p>APARTAMENT 2 \u2013\u00a0<strong><a href=\"https:\/\/willa-alfena.pl\/?page_id=216\" data-type=\"page\" data-id=\"216\">sprawd\u017a szczeg\u00f3\u0142y<\/a><\/strong><br>Cena: 644 042 z\u0142 | 35,98 m<sup>2<\/sup><\/p>\n\n\n\n<p>APARTAMENT 3 \u2013 <strong><a href=\"https:\/\/willa-alfena.pl\/?page_id=246\" data-type=\"page\" data-id=\"246\">sprawd\u017a szczeg\u00f3\u0142y<\/a><\/strong><br>Cena: 634 913 z\u0142 | 35,47 m<sup>2<\/sup><\/p>\n\n\n\n<p>APARTAMENT 4 \u2013 <strong><a href=\"https:\/\/willa-alfena.pl\/?page_id=285\" data-type=\"page\" data-id=\"285\">sprawd\u017a szczeg\u00f3\u0142y<\/a><\/strong><br>Cena: 700 248 z\u0142 | 39,12 m<sup>2<\/sup><\/p>\n<\/div>\n<\/div><\/div>\n\n\n\n<div style=\"height:60px\" aria-hidden=\"true\" class=\"wp-block-spacer\"><\/div>\n\n\n\n<div class=\"wp-block-uagb-container uagb-block-4b6a9aea alignfull uagb-is-root-container\"><div class=\"uagb-container-inner-blocks-wrap\">\n<div class=\"wp-block-uagb-container uagb-block-dd431078\">\n<div class=\"wp-block-uagb-image alignright uagb-block-7a401e0e wp-block-uagb-image--layout-default wp-block-uagb-image--effect-static wp-block-uagb-image--align-right alignleft\"><figure class=\"wp-block-uagb-image__figure\"><img decoding=\"async\" srcset=\"https:\/\/willa-alfena.pl\/wp-content\/uploads\/2026\/04\/pietro-rzut-top-1024x493.jpg ,https:\/\/willa-alfena.pl\/wp-content\/uploads\/2026\/04\/pietro-rzut-top.jpg 780w, https:\/\/willa-alfena.pl\/wp-content\/uploads\/2026\/04\/pietro-rzut-top.jpg 360w\" sizes=\"auto, (max-width: 480px) 150px\" src=\"https:\/\/willa-alfena.pl\/wp-content\/uploads\/2026\/04\/pietro-rzut-top-1024x493.jpg\" alt=\"\" class=\"uag-image-235\" width=\"748\" height=\"350\" title=\"pietro-rzut-top\" loading=\"lazy\" role=\"img\"\/><\/figure><\/div>\n<\/div>\n\n\n\n<div class=\"wp-block-uagb-container uagb-block-d2ec67cc\">\n<div class=\"wp-block-uagb-advanced-heading uagb-block-46fa78fb\"><h4 class=\"uagb-heading-text\">I PI\u0118TRO<\/h4><\/div>\n\n\n\n<p>APARTAMENT 5 \u2013\u00a0<a href=\"https:\/\/willa-alfena.pl\/?page_id=47\"><strong>:: REZERWACJA ::<\/strong><\/a><br>Cena 847 028 z\u0142 | 47,32 m<sup>2<\/sup>\u00a0<\/p>\n\n\n\n<p>APARTAMENT 6 \u2013 <strong><a href=\"https:\/\/willa-alfena.pl\/?page_id=311\" data-type=\"page\" data-id=\"311\">sprawd\u017a szczeg\u00f3\u0142y<\/a><\/strong><br>Cena: 755 380 z\u0142 | 42,20 m<sup>2<\/sup><\/p>\n\n\n\n<p>APARTAMENT 7 \u2013 <strong><a href=\"https:\/\/willa-alfena.pl\/?page_id=350\" data-type=\"page\" data-id=\"350\">sprawd\u017a szczeg\u00f3\u0142y<\/a><\/strong><br>Cena: 906 277 z\u0142 | 50,63 m<sup>2<\/sup><\/p>\n<\/div>\n<\/div><\/div>\n\n\n\n<div style=\"height:60px\" aria-hidden=\"true\" class=\"wp-block-spacer\"><\/div>\n\n\n\n<div class=\"wp-block-uagb-container uagb-block-68beeb8d alignfull uagb-is-root-container\"><div class=\"uagb-container-inner-blocks-wrap\">\n<div class=\"wp-block-uagb-container uagb-block-bf56493f\">\n<div class=\"wp-block-uagb-image alignright uagb-block-a27323a1 wp-block-uagb-image--layout-default wp-block-uagb-image--effect-static wp-block-uagb-image--align-right alignleft\"><figure class=\"wp-block-uagb-image__figure\"><img decoding=\"async\" srcset=\"https:\/\/willa-alfena.pl\/wp-content\/uploads\/2026\/04\/poddasze-rzut-top-1024x493.jpg ,https:\/\/willa-alfena.pl\/wp-content\/uploads\/2026\/04\/poddasze-rzut-top.jpg 780w, https:\/\/willa-alfena.pl\/wp-content\/uploads\/2026\/04\/poddasze-rzut-top.jpg 360w\" sizes=\"auto, (max-width: 480px) 150px\" src=\"https:\/\/willa-alfena.pl\/wp-content\/uploads\/2026\/04\/poddasze-rzut-top-1024x493.jpg\" alt=\"\" class=\"uag-image-236\" width=\"748\" height=\"350\" title=\"poddasze-rzut-top\" loading=\"lazy\" role=\"img\"\/><\/figure><\/div>\n<\/div>\n\n\n\n<div class=\"wp-block-uagb-container uagb-block-c49f5d31\">\n<div class=\"wp-block-uagb-advanced-heading uagb-block-b85b17ce\"><h4 class=\"uagb-heading-text\">II PI\u0118TRO (poddasze)<\/h4><\/div>\n\n\n\n<p>APARTAMENT 8 \u2013 <strong><a href=\"https:\/\/willa-alfena.pl\/?page_id=406\" data-type=\"page\" data-id=\"406\">sprawd\u017a szczeg\u00f3\u0142y<\/a><\/strong><br>Cena: 539 148 z\u0142 | 30,12 m<sup>2<\/sup><\/p>\n\n\n\n<p>APARTAMENT 9 \u2013 <strong><a href=\"https:\/\/willa-alfena.pl\/?page_id=429\" data-type=\"page\" data-id=\"429\">sprawd\u017a szczeg\u00f3\u0142y<\/a><\/strong><br>Cena: 428 347 z\u0142 | 23,93 m<sup>2<\/sup><\/p>\n\n\n\n<p>APARTAMENT 10 \u2013 <strong><a href=\"https:\/\/willa-alfena.pl\/?page_id=430\" data-type=\"page\" data-id=\"430\">sprawd\u017a szczeg\u00f3\u0142y<\/a><\/strong><br>Cena: 535 926 z\u0142 | 29,94 m<sup>2<\/sup>&nbsp;<\/p>\n<\/div>\n<\/div><\/div>\n\n\n\n<p><\/p>\n","protected":false},"excerpt":{"rendered":"<p>PARTER APARTAMENT 1 \u2013 :: SPRZEDANY ::Cena: 756 812 z\u0142 | 42,28 m2 APARTAMENT 2 \u2013\u00a0sprawd\u017a szczeg\u00f3\u0142yCena: 644 042 z\u0142 | 35,98 m2 APARTAMENT 3 \u2013 sprawd\u017a szczeg\u00f3\u0142yCena: 634 913 z\u0142 | 35,47 m2 APARTAMENT 4 \u2013 sprawd\u017a szczeg\u00f3\u0142yCena: 700 248 z\u0142 | 39,12 m2 I PI\u0118TRO APARTAMENT 5 \u2013\u00a0:: REZERWACJA ::Cena 847 028 z\u0142 [&hellip;]<\/p>\n","protected":false},"author":1,"featured_media":0,"parent":5,"menu_order":0,"comment_status":"closed","ping_status":"closed","template":"","meta":{"_uag_custom_page_level_css":"","_swt_meta_header_display":false,"_swt_meta_footer_display":false,"_swt_meta_site_title_display":true,"_swt_meta_sticky_header":false,"_swt_meta_transparent_header":false,"footnotes":""},"class_list":["post-45","page","type-page","status-publish","hentry"],"uagb_featured_image_src":{"full":false,"thumbnail":false,"medium":false,"medium_large":false,"large":false,"1536x1536":false,"2048x2048":false},"uagb_author_info":{"display_name":"Jakub","author_link":"https:\/\/willa-alfena.pl\/?author=1"},"uagb_comment_info":0,"uagb_excerpt":"PARTER APARTAMENT 1 \u2013 :: SPRZEDANY ::Cena: 756 812 z\u0142 | 42,28 m2 APARTAMENT 2 \u2013\u00a0sprawd\u017a szczeg\u00f3\u0142yCena: 644 042 z\u0142 | 35,98 m2 APARTAMENT 3 \u2013 sprawd\u017a szczeg\u00f3\u0142yCena: 634 913 z\u0142 | 35,47 m2 APARTAMENT 4 \u2013 sprawd\u017a szczeg\u00f3\u0142yCena: 700 248 z\u0142 | 39,12 m2 I PI\u0118TRO APARTAMENT 5 \u2013\u00a0:: REZERWACJA ::Cena 847 028 z\u0142&hellip;","_links":{"self":[{"href":"https:\/\/willa-alfena.pl\/index.php?rest_route=\/wp\/v2\/pages\/45","targetHints":{"allow":["GET"]}}],"collection":[{"href":"https:\/\/willa-alfena.pl\/index.php?rest_route=\/wp\/v2\/pages"}],"about":[{"href":"https:\/\/willa-alfena.pl\/index.php?rest_route=\/wp\/v2\/types\/page"}],"author":[{"embeddable":true,"href":"https:\/\/willa-alfena.pl\/index.php?rest_route=\/wp\/v2\/users\/1"}],"replies":[{"embeddable":true,"href":"https:\/\/willa-alfena.pl\/index.php?rest_route=%2Fwp%2Fv2%2Fcomments&post=45"}],"version-history":[{"count":5,"href":"https:\/\/willa-alfena.pl\/index.php?rest_route=\/wp\/v2\/pages\/45\/revisions"}],"predecessor-version":[{"id":601,"href":"https:\/\/willa-alfena.pl\/index.php?rest_route=\/wp\/v2\/pages\/45\/revisions\/601"}],"up":[{"embeddable":true,"href":"https:\/\/willa-alfena.pl\/index.php?rest_route=\/wp\/v2\/pages\/5"}],"wp:attachment":[{"href":"https:\/\/willa-alfena.pl\/index.php?rest_route=%2Fwp%2Fv2%2Fmedia&parent=45"}],"curies":[{"name":"wp","href":"https:\/\/api.w.org\/{rel}","templated":true}]}}