{"id":350,"date":"2026-04-01T14:00:38","date_gmt":"2026-04-01T12:00:38","guid":{"rendered":"https:\/\/willa-alfena.pl\/?page_id=350"},"modified":"2026-04-01T14:51:01","modified_gmt":"2026-04-01T12:51:01","slug":"apartament-7","status":"publish","type":"page","link":"https:\/\/willa-alfena.pl\/?page_id=350","title":{"rendered":"apartament 7"},"content":{"rendered":"\n<div class=\"wp-block-uagb-container uagb-block-dc3a27b8 alignfull uagb-is-root-container\"><div class=\"uagb-container-inner-blocks-wrap\">\n<div class=\"wp-block-uagb-container uagb-block-350ca36c\">\n<div class=\"wp-block-columns is-layout-flex wp-container-core-columns-is-layout-28f84493 wp-block-columns-is-layout-flex\">\n<div class=\"wp-block-column is-layout-flow wp-block-column-is-layout-flow\" style=\"flex-basis:50%\">\n<div class=\"wp-block-uagb-info-box uagb-block-imgpm6pr uagb-infobox__content-wrap  uagb-infobox-icon-above-title uagb-infobox-image-valign-top\"><div class=\"uagb-ifb-content\"><div class=\"uagb-ifb-title-wrap\"><p class=\"uagb-ifb-title-prefix\">I PI\u0118TRO<\/p><h2 class=\"uagb-ifb-title\">Apartament 7<\/h2><\/div><\/div><\/div>\n<\/div>\n\n\n\n<div class=\"wp-block-column is-layout-flow wp-block-column-is-layout-flow\" style=\"flex-basis:50%\">\n<div style=\"height:40px\" aria-hidden=\"true\" class=\"wp-block-spacer\"><\/div>\n\n\n\n<div class=\"wp-block-uagb-buttons uagb-buttons__outer-wrap uagb-btn__default-btn uagb-btn-tablet__default-btn uagb-btn-mobile__default-btn uagb-block-341addad\"><div class=\"uagb-buttons__wrap uagb-buttons-layout-wrap \">\n<div class=\"wp-block-uagb-buttons-child uagb-buttons__outer-wrap uagb-block-c7604871 wp-block-button\"><div class=\"uagb-button__wrapper\"><a class=\"uagb-buttons-repeater wp-block-button__link\" aria-label=\"\" href=\"https:\/\/willa-alfena.pl\/?page_id=45\" rel=\"follow noopener\" target=\"_self\" role=\"button\"><span class=\"uagb-button__icon uagb-button__icon-position-before\"><svg xmlns=\"https:\/\/www.w3.org\/2000\/svg\" viewBox=\"0 0 512 512\" aria-hidden=\"true\" focussable=\"false\"><path d=\"M9.375 233.4l128-128c12.5-12.5 32.75-12.5 45.25 0s12.5 32.75 0 45.25L109.3 224H480c17.69 0 32 14.31 32 32s-14.31 32-32 32H109.3l73.38 73.38c12.5 12.5 12.5 32.75 0 45.25c-12.49 12.49-32.74 12.51-45.25 0l-128-128C-3.125 266.1-3.125 245.9 9.375 233.4z\"><\/path><\/svg><\/span><div class=\"uagb-button__link\">WYB\u00d3R APARTAMENTU<\/div><\/a><\/div><\/div>\n<\/div><\/div>\n<\/div>\n<\/div>\n<\/div>\n\n\n\n<div class=\"wp-block-uagb-container uagb-block-5dd3c74d\">\n<div class=\"wp-block-uagb-container uagb-block-ae9caf89\">\n<embed src=\"https:\/\/360.3destate.pl\/willa-alfena\/ap-07\" width=\"700\" height=\"500\">\n<\/div>\n\n\n\n<div class=\"wp-block-uagb-container uagb-layout-flex uagb-block-f615b3e3\">\n<div class=\"wp-block-uagb-advanced-heading uagb-block-8931c3c7\"><h5 class=\"uagb-heading-text\">CENA APARTAMENTU 906 277 z\u0142<\/h5><\/div>\n\n\n\n<p>MIEJSCE POSTOJOWE 40 000 z\u0142<\/p>\n\n\n\n<h5 class=\"wp-block-heading\">Powierzchnia 50,63 m<sup>2<\/sup><\/h5>\n\n\n\n<p>7.1 SALON + ANEKS \u2013 17,46 m<sup>2<\/sup><br>7.2 SYPIALNIA 1 \u2013 11,19 m<sup>2<\/sup><br>7.3 SYPIALNIA 2 \u2013 11,69 m<sup>2<\/sup><br>7.4 \u0141AZIENKA \u2013 3,59 m<sup>2<\/sup><br>7.5 KORYTARZ \u2013 6,70 m<sup>2<\/sup><\/p>\n\n\n\n<p>KOM\u00d3RKA LOKATORSKA \u2013 5,07 m<sup>2<\/sup><\/p>\n\n\n\n<div style=\"height:20px\" aria-hidden=\"true\" class=\"wp-block-spacer\"><\/div>\n\n\n\n<div class=\"wp-block-uagb-buttons uagb-buttons__outer-wrap uagb-btn__default-btn uagb-btn-tablet__default-btn uagb-btn-mobile__default-btn uagb-block-53898bec\"><div class=\"uagb-buttons__wrap uagb-buttons-layout-wrap \">\n<div class=\"wp-block-uagb-buttons-child uagb-buttons__outer-wrap uagb-block-c075722a wp-block-button\"><div class=\"uagb-button__wrapper\"><a class=\"uagb-buttons-repeater wp-block-button__link\" aria-label=\"\" href=\"https:\/\/willa-alfena.pl\/wp-content\/uploads\/2026\/04\/willa-alfena-apartament-7-karta-lokalu.pdf\" rel=\"follow noopener\" target=\"_blank\" role=\"button\"><div class=\"uagb-button__link\">POBIERZ KART\u0118 LOKALU<\/div><span class=\"uagb-button__icon uagb-button__icon-position-after\"><svg xmlns=\"https:\/\/www.w3.org\/2000\/svg\" viewBox=\"0 0 448 512\" aria-hidden=\"true\" focussable=\"false\"><path d=\"M438.6 278.6l-160 160C272.4 444.9 264.2 448 256 448s-16.38-3.125-22.62-9.375c-12.5-12.5-12.5-32.75 0-45.25L338.8 288H32C14.33 288 .0016 273.7 .0016 256S14.33 224 32 224h306.8l-105.4-105.4c-12.5-12.5-12.5-32.75 0-45.25s32.75-12.5 45.25 0l160 160C451.1 245.9 451.1 266.1 438.6 278.6z\"><\/path><\/svg><\/span><\/a><\/div><\/div>\n<\/div><\/div>\n<\/div>\n<\/div>\n<\/div><\/div>\n\n\n\n<div class=\"wp-block-uagb-container uagb-block-ow4gvagl alignfull uagb-is-root-container\"><div class=\"uagb-container-inner-blocks-wrap\">\n<div class=\"wp-block-uagb-container uagb-block-wcac1u40\">\n<div class=\"wp-block-uagb-info-box uagb-block-adn92899 uagb-infobox__content-wrap  uagb-infobox-icon-above-title uagb-infobox-image-valign-top\"><div class=\"uagb-ifb-content\"><div class=\"uagb-ifb-title-wrap\"><h3 class=\"uagb-ifb-title\">Zapraszamy na wirtualny spacer po apartamencie<\/h3><\/div><\/div><\/div>\n\n\n\n<p>Propozycja wyko\u0144czenia apartamentu. Niekt\u00f3re elementy wyposa\u017cenia mog\u0105 znajdowa\u0107 si\u0119 w innych miejscach. Realne wyko\u0144czenie \u0142azienki oraz umiejscowienie przy\u0142\u0105czy widoczne w galerii pod spacerem 3D.<\/p>\n<\/div>\n\n\n\n<embed src=\"https:\/\/tours.3destate.pl\/willa-alfena\/ap-07.3d\" width=\"1000\" height=\"600\">\n<\/div><\/div>\n\n\n\n<div class=\"wp-block-uagb-container uagb-block-rr57wlcm alignfull uagb-is-root-container\"><div class=\"uagb-container-inner-blocks-wrap\">\n<div class=\"wp-block-uagb-info-box uagb-block-eexkbnx8 uagb-infobox__content-wrap  uagb-infobox-icon-above-title uagb-infobox-image-valign-top\"><div class=\"uagb-ifb-content\"><div class=\"uagb-ifb-title-wrap\"><h3 class=\"uagb-ifb-title\">Galeria apartamentu<\/h3><\/div><p class=\"uagb-ifb-desc\">Zdj\u0119cia apartamentu gotowego do sprzeda\u017cy.<\/p><\/div><\/div>\n\n\n\n<div class=\"wp-block-uagb-container uagb-layout-grid uagb-block-2440b1fc\">\n<div class=\"wp-block-uagb-image alignleft uagb-block-abd80053 wp-block-uagb-image--layout-default wp-block-uagb-image--effect-static wp-block-uagb-image--align-left\"><figure class=\"wp-block-uagb-image__figure\"><img decoding=\"async\" srcset=\"https:\/\/willa-alfena.pl\/wp-content\/uploads\/2026\/04\/ap7-01-683x1024.jpg ,https:\/\/willa-alfena.pl\/wp-content\/uploads\/2026\/04\/ap7-01.jpg 780w, https:\/\/willa-alfena.pl\/wp-content\/uploads\/2026\/04\/ap7-01.jpg 360w\" sizes=\"auto, (max-width: 480px) 150px\" src=\"https:\/\/willa-alfena.pl\/wp-content\/uploads\/2026\/04\/ap7-01-683x1024.jpg\" alt=\"\" class=\"uag-image-329\" width=\"385\" height=\"466\" title=\"AP7 01\" loading=\"lazy\" role=\"img\"\/><\/figure><\/div>\n\n\n\n<div class=\"wp-block-uagb-image alignleft uagb-block-3c317bc5 wp-block-uagb-image--layout-default wp-block-uagb-image--effect-static wp-block-uagb-image--align-left\"><figure class=\"wp-block-uagb-image__figure\"><img decoding=\"async\" srcset=\"https:\/\/willa-alfena.pl\/wp-content\/uploads\/2026\/04\/ap7-03-1024x683.jpg ,https:\/\/willa-alfena.pl\/wp-content\/uploads\/2026\/04\/ap7-03.jpg 780w, https:\/\/willa-alfena.pl\/wp-content\/uploads\/2026\/04\/ap7-03.jpg 360w\" sizes=\"auto, (max-width: 480px) 150px\" src=\"https:\/\/willa-alfena.pl\/wp-content\/uploads\/2026\/04\/ap7-03-1024x683.jpg\" alt=\"\" class=\"uag-image-331\" width=\"792\" height=\"466\" title=\"AP7 03\" loading=\"lazy\" role=\"img\"\/><\/figure><\/div>\n<\/div>\n\n\n\n<div class=\"wp-block-uagb-container uagb-layout-grid uagb-block-apac9oys\">\n<div class=\"wp-block-uagb-image alignleft uagb-block-ojadaxsw wp-block-uagb-image--layout-default wp-block-uagb-image--effect-static wp-block-uagb-image--align-left\"><figure class=\"wp-block-uagb-image__figure\"><img decoding=\"async\" srcset=\"https:\/\/willa-alfena.pl\/wp-content\/uploads\/2026\/04\/ap7-04-1024x683.jpg ,https:\/\/willa-alfena.pl\/wp-content\/uploads\/2026\/04\/ap7-04.jpg 780w, https:\/\/willa-alfena.pl\/wp-content\/uploads\/2026\/04\/ap7-04.jpg 360w\" sizes=\"auto, (max-width: 480px) 150px\" src=\"https:\/\/willa-alfena.pl\/wp-content\/uploads\/2026\/04\/ap7-04-1024x683.jpg\" alt=\"\" class=\"uag-image-332\" width=\"792\" height=\"446\" title=\"AP7 04\" loading=\"lazy\" role=\"img\"\/><\/figure><\/div>\n\n\n\n<div class=\"wp-block-uagb-image alignleft uagb-block-wughqyj0 wp-block-uagb-image--layout-default wp-block-uagb-image--effect-static wp-block-uagb-image--align-left\"><figure class=\"wp-block-uagb-image__figure\"><img decoding=\"async\" srcset=\"https:\/\/willa-alfena.pl\/wp-content\/uploads\/2026\/04\/ap7-07-683x1024.jpg ,https:\/\/willa-alfena.pl\/wp-content\/uploads\/2026\/04\/ap7-07.jpg 780w, https:\/\/willa-alfena.pl\/wp-content\/uploads\/2026\/04\/ap7-07.jpg 360w\" sizes=\"auto, (max-width: 480px) 150px\" src=\"https:\/\/willa-alfena.pl\/wp-content\/uploads\/2026\/04\/ap7-07-683x1024.jpg\" alt=\"\" class=\"uag-image-335\" width=\"385\" height=\"446\" title=\"AP7 07\" loading=\"lazy\" role=\"img\"\/><\/figure><\/div>\n<\/div>\n\n\n\n<div class=\"wp-block-uagb-container uagb-layout-grid uagb-block-8efuvxs6\">\n<div class=\"wp-block-uagb-image alignleft uagb-block-7mfoagdc wp-block-uagb-image--layout-default wp-block-uagb-image--effect-static wp-block-uagb-image--align-left\"><figure class=\"wp-block-uagb-image__figure\"><img decoding=\"async\" srcset=\"https:\/\/willa-alfena.pl\/wp-content\/uploads\/2026\/04\/ap7-05-1024x683.jpg ,https:\/\/willa-alfena.pl\/wp-content\/uploads\/2026\/04\/ap7-05.jpg 780w, https:\/\/willa-alfena.pl\/wp-content\/uploads\/2026\/04\/ap7-05.jpg 360w\" sizes=\"auto, (max-width: 480px) 150px\" src=\"https:\/\/willa-alfena.pl\/wp-content\/uploads\/2026\/04\/ap7-05-1024x683.jpg\" alt=\"\" class=\"uag-image-333\" width=\"385\" height=\"466\" title=\"AP7 05\" loading=\"lazy\" role=\"img\"\/><\/figure><\/div>\n\n\n\n<div class=\"wp-block-uagb-image alignleft uagb-block-f4hfgrs7 wp-block-uagb-image--layout-default wp-block-uagb-image--effect-static wp-block-uagb-image--align-left\"><figure class=\"wp-block-uagb-image__figure\"><img decoding=\"async\" srcset=\"https:\/\/willa-alfena.pl\/wp-content\/uploads\/2026\/04\/ap7-06-1024x683.jpg ,https:\/\/willa-alfena.pl\/wp-content\/uploads\/2026\/04\/ap7-06.jpg 780w, https:\/\/willa-alfena.pl\/wp-content\/uploads\/2026\/04\/ap7-06.jpg 360w\" sizes=\"auto, (max-width: 480px) 150px\" src=\"https:\/\/willa-alfena.pl\/wp-content\/uploads\/2026\/04\/ap7-06-1024x683.jpg\" alt=\"\" class=\"uag-image-334\" width=\"792\" height=\"466\" title=\"AP7 06\" loading=\"lazy\" role=\"img\"\/><\/figure><\/div>\n<\/div>\n\n\n\n<div class=\"wp-block-uagb-container uagb-layout-grid uagb-block-76af7d69\">\n<div class=\"wp-block-uagb-image alignleft uagb-block-6f2ab1fb wp-block-uagb-image--layout-default wp-block-uagb-image--effect-static wp-block-uagb-image--align-left\"><figure class=\"wp-block-uagb-image__figure\"><img decoding=\"async\" srcset=\"https:\/\/willa-alfena.pl\/wp-content\/uploads\/2026\/04\/ap7-10-1024x683.jpg ,https:\/\/willa-alfena.pl\/wp-content\/uploads\/2026\/04\/ap7-10.jpg 780w, https:\/\/willa-alfena.pl\/wp-content\/uploads\/2026\/04\/ap7-10.jpg 360w\" sizes=\"auto, (max-width: 480px) 150px\" src=\"https:\/\/willa-alfena.pl\/wp-content\/uploads\/2026\/04\/ap7-10-1024x683.jpg\" alt=\"\" class=\"uag-image-338\" width=\"792\" height=\"446\" title=\"AP7 10\" loading=\"lazy\" role=\"img\"\/><\/figure><\/div>\n\n\n\n<div class=\"wp-block-uagb-image alignleft uagb-block-6f7ea51a wp-block-uagb-image--layout-default wp-block-uagb-image--effect-static wp-block-uagb-image--align-left\"><figure class=\"wp-block-uagb-image__figure\"><img decoding=\"async\" srcset=\"https:\/\/willa-alfena.pl\/wp-content\/uploads\/2026\/04\/ap7-11-1024x683.jpg ,https:\/\/willa-alfena.pl\/wp-content\/uploads\/2026\/04\/ap7-11.jpg 780w, https:\/\/willa-alfena.pl\/wp-content\/uploads\/2026\/04\/ap7-11.jpg 360w\" sizes=\"auto, (max-width: 480px) 150px\" src=\"https:\/\/willa-alfena.pl\/wp-content\/uploads\/2026\/04\/ap7-11-1024x683.jpg\" alt=\"\" class=\"uag-image-339\" width=\"792\" height=\"446\" title=\"AP7 11\" loading=\"lazy\" role=\"img\"\/><\/figure><\/div>\n<\/div>\n\n\n\n<div class=\"wp-block-uagb-container uagb-layout-grid uagb-block-bccd4cd0\">\n<div class=\"wp-block-uagb-image alignleft uagb-block-ce635910 wp-block-uagb-image--layout-default wp-block-uagb-image--effect-static wp-block-uagb-image--align-left\"><figure class=\"wp-block-uagb-image__figure\"><img decoding=\"async\" srcset=\"https:\/\/willa-alfena.pl\/wp-content\/uploads\/2026\/04\/ap7-12-1024x683.jpg ,https:\/\/willa-alfena.pl\/wp-content\/uploads\/2026\/04\/ap7-12.jpg 780w, https:\/\/willa-alfena.pl\/wp-content\/uploads\/2026\/04\/ap7-12.jpg 360w\" sizes=\"auto, (max-width: 480px) 150px\" src=\"https:\/\/willa-alfena.pl\/wp-content\/uploads\/2026\/04\/ap7-12-1024x683.jpg\" alt=\"\" class=\"uag-image-340\" width=\"385\" height=\"466\" title=\"AP7 12\" loading=\"lazy\" role=\"img\"\/><\/figure><\/div>\n\n\n\n<div class=\"wp-block-uagb-image alignleft uagb-block-5e32116e wp-block-uagb-image--layout-default wp-block-uagb-image--effect-static wp-block-uagb-image--align-left\"><figure class=\"wp-block-uagb-image__figure\"><img decoding=\"async\" srcset=\"https:\/\/willa-alfena.pl\/wp-content\/uploads\/2026\/04\/ap7-13-1024x683.jpg ,https:\/\/willa-alfena.pl\/wp-content\/uploads\/2026\/04\/ap7-13.jpg 780w, https:\/\/willa-alfena.pl\/wp-content\/uploads\/2026\/04\/ap7-13.jpg 360w\" sizes=\"auto, (max-width: 480px) 150px\" src=\"https:\/\/willa-alfena.pl\/wp-content\/uploads\/2026\/04\/ap7-13-1024x683.jpg\" alt=\"\" class=\"uag-image-341\" width=\"792\" height=\"466\" title=\"AP7 13\" loading=\"lazy\" role=\"img\"\/><\/figure><\/div>\n<\/div>\n\n\n\n<div class=\"wp-block-uagb-container uagb-layout-grid uagb-block-c642655b\">\n<div class=\"wp-block-uagb-image alignleft uagb-block-f23acbbc wp-block-uagb-image--layout-default wp-block-uagb-image--effect-static wp-block-uagb-image--align-left\"><figure class=\"wp-block-uagb-image__figure\"><img decoding=\"async\" srcset=\"https:\/\/willa-alfena.pl\/wp-content\/uploads\/2026\/04\/ap7-14-1024x683.jpg ,https:\/\/willa-alfena.pl\/wp-content\/uploads\/2026\/04\/ap7-14.jpg 780w, https:\/\/willa-alfena.pl\/wp-content\/uploads\/2026\/04\/ap7-14.jpg 360w\" sizes=\"auto, (max-width: 480px) 150px\" src=\"https:\/\/willa-alfena.pl\/wp-content\/uploads\/2026\/04\/ap7-14-1024x683.jpg\" alt=\"\" class=\"uag-image-342\" width=\"792\" height=\"446\" title=\"AP7 14\" loading=\"lazy\" role=\"img\"\/><\/figure><\/div>\n\n\n\n<div class=\"wp-block-uagb-image alignleft uagb-block-d227aecf wp-block-uagb-image--layout-default wp-block-uagb-image--effect-static wp-block-uagb-image--align-left\"><figure class=\"wp-block-uagb-image__figure\"><img decoding=\"async\" srcset=\"https:\/\/willa-alfena.pl\/wp-content\/uploads\/2026\/04\/ap7-15-1024x683.jpg ,https:\/\/willa-alfena.pl\/wp-content\/uploads\/2026\/04\/ap7-15.jpg 780w, https:\/\/willa-alfena.pl\/wp-content\/uploads\/2026\/04\/ap7-15.jpg 360w\" sizes=\"auto, (max-width: 480px) 150px\" src=\"https:\/\/willa-alfena.pl\/wp-content\/uploads\/2026\/04\/ap7-15-1024x683.jpg\" alt=\"\" class=\"uag-image-343\" width=\"792\" height=\"446\" title=\"AP7 15\" loading=\"lazy\" role=\"img\"\/><\/figure><\/div>\n<\/div>\n\n\n\n<div class=\"wp-block-uagb-container uagb-layout-grid uagb-block-e706769a\">\n<div class=\"wp-block-uagb-image alignleft uagb-block-f030470f wp-block-uagb-image--layout-default wp-block-uagb-image--effect-static wp-block-uagb-image--align-left\"><figure class=\"wp-block-uagb-image__figure\"><img decoding=\"async\" srcset=\"https:\/\/willa-alfena.pl\/wp-content\/uploads\/2026\/04\/ap7-08-683x1024.jpg ,https:\/\/willa-alfena.pl\/wp-content\/uploads\/2026\/04\/ap7-08.jpg 780w, https:\/\/willa-alfena.pl\/wp-content\/uploads\/2026\/04\/ap7-08.jpg 360w\" sizes=\"auto, (max-width: 480px) 150px\" src=\"https:\/\/willa-alfena.pl\/wp-content\/uploads\/2026\/04\/ap7-08-683x1024.jpg\" alt=\"\" class=\"uag-image-336\" width=\"385\" height=\"466\" title=\"AP7 08\" loading=\"lazy\" role=\"img\"\/><\/figure><\/div>\n\n\n\n<div class=\"wp-block-uagb-image alignleft uagb-block-5ddaf670 wp-block-uagb-image--layout-default wp-block-uagb-image--effect-static wp-block-uagb-image--align-left\"><figure class=\"wp-block-uagb-image__figure\"><img decoding=\"async\" srcset=\"https:\/\/willa-alfena.pl\/wp-content\/uploads\/2026\/04\/ap7-09-1024x683.jpg ,https:\/\/willa-alfena.pl\/wp-content\/uploads\/2026\/04\/ap7-09.jpg 780w, https:\/\/willa-alfena.pl\/wp-content\/uploads\/2026\/04\/ap7-09.jpg 360w\" sizes=\"auto, (max-width: 480px) 150px\" src=\"https:\/\/willa-alfena.pl\/wp-content\/uploads\/2026\/04\/ap7-09-1024x683.jpg\" alt=\"\" class=\"uag-image-337\" width=\"792\" height=\"466\" title=\"AP7 09\" loading=\"lazy\" role=\"img\"\/><\/figure><\/div>\n<\/div>\n<\/div><\/div>\n","protected":false},"excerpt":{"rendered":"<p>CENA APARTAMENTU 906 277 z\u0142 MIEJSCE POSTOJOWE 40 000 z\u0142 Powierzchnia 50,63 m2 7.1 SALON + ANEKS \u2013 17,46 m27.2 SYPIALNIA 1 \u2013 11,19 m27.3 SYPIALNIA 2 \u2013 11,69 m27.4 \u0141AZIENKA \u2013 3,59 m27.5 KORYTARZ \u2013 6,70 m2 KOM\u00d3RKA LOKATORSKA \u2013 5,07 m2 Propozycja wyko\u0144czenia apartamentu. Niekt\u00f3re elementy wyposa\u017cenia mog\u0105 znajdowa\u0107 si\u0119 w innych miejscach. [&hellip;]<\/p>\n","protected":false},"author":1,"featured_media":0,"parent":45,"menu_order":0,"comment_status":"closed","ping_status":"closed","template":"","meta":{"_uag_custom_page_level_css":"","_swt_meta_header_display":false,"_swt_meta_footer_display":false,"_swt_meta_site_title_display":true,"_swt_meta_sticky_header":false,"_swt_meta_transparent_header":false,"footnotes":""},"class_list":["post-350","page","type-page","status-publish","hentry"],"uagb_featured_image_src":{"full":false,"thumbnail":false,"medium":false,"medium_large":false,"large":false,"1536x1536":false,"2048x2048":false},"uagb_author_info":{"display_name":"Jakub","author_link":"https:\/\/willa-alfena.pl\/?author=1"},"uagb_comment_info":0,"uagb_excerpt":"CENA APARTAMENTU 906 277 z\u0142 MIEJSCE POSTOJOWE 40 000 z\u0142 Powierzchnia 50,63 m2 7.1 SALON + ANEKS \u2013 17,46 m27.2 SYPIALNIA 1 \u2013 11,19 m27.3 SYPIALNIA 2 \u2013 11,69 m27.4 \u0141AZIENKA \u2013 3,59 m27.5 KORYTARZ \u2013 6,70 m2 KOM\u00d3RKA LOKATORSKA \u2013 5,07 m2 Propozycja wyko\u0144czenia apartamentu. Niekt\u00f3re elementy wyposa\u017cenia mog\u0105 znajdowa\u0107 si\u0119 w innych miejscach.&hellip;","_links":{"self":[{"href":"https:\/\/willa-alfena.pl\/index.php?rest_route=\/wp\/v2\/pages\/350","targetHints":{"allow":["GET"]}}],"collection":[{"href":"https:\/\/willa-alfena.pl\/index.php?rest_route=\/wp\/v2\/pages"}],"about":[{"href":"https:\/\/willa-alfena.pl\/index.php?rest_route=\/wp\/v2\/types\/page"}],"author":[{"embeddable":true,"href":"https:\/\/willa-alfena.pl\/index.php?rest_route=\/wp\/v2\/users\/1"}],"replies":[{"embeddable":true,"href":"https:\/\/willa-alfena.pl\/index.php?rest_route=%2Fwp%2Fv2%2Fcomments&post=350"}],"version-history":[{"count":5,"href":"https:\/\/willa-alfena.pl\/index.php?rest_route=\/wp\/v2\/pages\/350\/revisions"}],"predecessor-version":[{"id":403,"href":"https:\/\/willa-alfena.pl\/index.php?rest_route=\/wp\/v2\/pages\/350\/revisions\/403"}],"up":[{"embeddable":true,"href":"https:\/\/willa-alfena.pl\/index.php?rest_route=\/wp\/v2\/pages\/45"}],"wp:attachment":[{"href":"https:\/\/willa-alfena.pl\/index.php?rest_route=%2Fwp%2Fv2%2Fmedia&parent=350"}],"curies":[{"name":"wp","href":"https:\/\/api.w.org\/{rel}","templated":true}]}}